{"id":236463,"date":"2023-03-05T15:45:38","date_gmt":"2023-03-05T15:45:38","guid":{"rendered":"https:\/\/festivalmontreal.org\/?page_id=236463"},"modified":"2024-05-01T15:35:46","modified_gmt":"2024-05-01T15:35:46","slug":"adieu-quatuor-emerson-en","status":"publish","type":"page","link":"https:\/\/festivalmontreal.org\/en\/adieu-quatuor-emerson-en\/","title":{"rendered":"Adieu Quatuor Emerson ! &#8211; EN"},"content":{"rendered":"<p>[et_pb_section fb_built=&#8221;1&#8243; custom_padding_last_edited=&#8221;on|desktop&#8221; _builder_version=&#8221;4.20.0&#8243; background_color=&#8221;#088CFB&#8221; background_enable_image=&#8221;off&#8221; background_blend=&#8221;luminosity&#8221; custom_padding=&#8221;150px||150px||true|false&#8221; custom_padding_tablet=&#8221;90px||0px||false|false&#8221; custom_padding_phone=&#8221;60px||||false|false&#8221; global_colors_info=&#8221;{}&#8221;][et_pb_row custom_padding_last_edited=&#8221;off|desktop&#8221; _builder_version=&#8221;4.20.0&#8243; background_color=&#8221;#000000&#8243; width_tablet=&#8221;90%&#8221; width_phone=&#8221;90%&#8221; width_last_edited=&#8221;on|tablet&#8221; max_width=&#8221;80%&#8221; max_width_tablet=&#8221;80%&#8221; max_width_phone=&#8221;80%&#8221; max_width_last_edited=&#8221;on|desktop&#8221; module_alignment=&#8221;center&#8221; min_height=&#8221;100%&#8221; height=&#8221;100%&#8221; custom_margin=&#8221;50px|0px|0px|0px|false|false&#8221; custom_padding=&#8221;0px|0px|0px|0px|false|false&#8221; box_shadow_style=&#8221;preset2&#8243; global_colors_info=&#8221;{}&#8221;][et_pb_column type=&#8221;4_4&#8243; _builder_version=&#8221;4.16&#8243; custom_padding=&#8221;|||&#8221; global_colors_info=&#8221;{}&#8221; custom_padding__hover=&#8221;|||&#8221;][et_pb_text _builder_version=&#8221;4.20.2&#8243; _module_preset=&#8221;default&#8221; text_font=&#8221;Oswald||||||||&#8221; text_text_color=&#8221;#FFFFFF&#8221; text_font_size=&#8221;56px&#8221; header_font=&#8221;|||on|||||&#8221; header_text_color=&#8221;#FFBE31&#8243; header_font_size=&#8221;48px&#8221; header_2_font=&#8221;|||on|||||&#8221; header_2_font_size=&#8221;36px&#8221; header_3_font=&#8221;Oswald|300||on|||||&#8221; header_3_text_color=&#8221;#C400FF&#8221; header_3_font_size=&#8221;48px&#8221; header_4_font=&#8221;|||on|||||&#8221; header_4_text_color=&#8221;#088CFB&#8221; header_4_font_size=&#8221;33px&#8221; header_4_line_height=&#8221;1.2em&#8221; background_color=&#8221;#000000&#8243; width_tablet=&#8221;&#8221; width_phone=&#8221;&#8221; width_last_edited=&#8221;on|phone&#8221; custom_margin=&#8221;|0px||0px|false|true&#8221; custom_padding=&#8221;20px|0px|20px|20px|true|false&#8221; custom_padding_tablet=&#8221;20px|0px|20px|20px|true|false&#8221; custom_padding_phone=&#8221;20px|0px|20px|20px|false|false&#8221; custom_padding_last_edited=&#8221;on|phone&#8221; text_font_size_tablet=&#8221;36px&#8221; text_font_size_phone=&#8221;30px&#8221; text_font_size_last_edited=&#8221;on|phone&#8221; header_font_size_tablet=&#8221;48px&#8221; header_font_size_phone=&#8221;30px&#8221; header_font_size_last_edited=&#8221;on|phone&#8221; header_2_font_tablet=&#8221;|||on|||||&#8221; header_2_font_phone=&#8221;|||on|||||&#8221; header_2_font_last_edited=&#8221;on|desktop&#8221; header_2_font_size_tablet=&#8221;36px&#8221; header_2_font_size_phone=&#8221;20px&#8221; header_2_font_size_last_edited=&#8221;on|phone&#8221; header_3_font_size_tablet=&#8221;48px&#8221; header_3_font_size_phone=&#8221;30px&#8221; header_3_font_size_last_edited=&#8221;on|phone&#8221; global_colors_info=&#8221;{}&#8221;]<\/p>\n<h2 style=\"font-weight: 400;\">Mardi 6 juin, 19 h 30<\/h2>\n<h2 style=\"font-weight: 400;\"><span lang=\"FR-CA\">Salle Bourgie, MBAM<\/span><\/h2>\n<p>[\/et_pb_text][\/et_pb_column][\/et_pb_row][et_pb_row _builder_version=&#8221;4.20.0&#8243; _module_preset=&#8221;default&#8221; max_width=&#8221;80%&#8221; custom_margin=&#8221;0px|10%|0px|10%|true|true&#8221; custom_padding=&#8221;0px|0px|0px|0px|false|true&#8221; box_shadow_style=&#8221;preset2&#8243; global_colors_info=&#8221;{}&#8221;][et_pb_column type=&#8221;4_4&#8243; _builder_version=&#8221;4.20.0&#8243; _module_preset=&#8221;default&#8221; global_colors_info=&#8221;{}&#8221;][et_pb_image src=&#8221;https:\/\/festivalmontreal.org\/wp-content\/uploads\/2023\/03\/FMCM23_1920x1080_6jn19h30.jpg&#8221; title_text=&#8221;Photos : J\u00fcrgen Frank (Emerson Quartet), Victor Brott (Denis Brott)&#8221; force_fullwidth=&#8221;on&#8221; _builder_version=&#8221;4.20.0&#8243; _module_preset=&#8221;default&#8221; custom_margin=&#8221;0px|0px|0px|0px|true|true&#8221; custom_padding=&#8221;0px|0px|0px|0px|true|true&#8221; global_colors_info=&#8221;{}&#8221;][\/et_pb_image][\/et_pb_column][\/et_pb_row][et_pb_row column_structure=&#8221;3_4,1_4&#8243; custom_padding_last_edited=&#8221;off|desktop&#8221; _builder_version=&#8221;4.20.0&#8243; background_color=&#8221;#000000&#8243; width_tablet=&#8221;90%&#8221; width_phone=&#8221;90%&#8221; width_last_edited=&#8221;on|tablet&#8221; max_width=&#8221;80%&#8221; max_width_tablet=&#8221;80%&#8221; max_width_phone=&#8221;80%&#8221; max_width_last_edited=&#8221;on|desktop&#8221; module_alignment=&#8221;center&#8221; min_height=&#8221;100%&#8221; height=&#8221;100%&#8221; custom_margin=&#8221;0px|0px|0px|0px|true|false&#8221; custom_padding=&#8221;0px|0px|0px|0px|true|false&#8221; box_shadow_style=&#8221;preset2&#8243; global_colors_info=&#8221;{}&#8221;][et_pb_column type=&#8221;3_4&#8243; _builder_version=&#8221;4.16&#8243; custom_padding=&#8221;|||&#8221; global_colors_info=&#8221;{}&#8221; custom_padding__hover=&#8221;|||&#8221;][et_pb_text _builder_version=&#8221;4.20.2&#8243; _module_preset=&#8221;default&#8221; text_font=&#8221;Oswald||||||||&#8221; text_text_color=&#8221;#FFFFFF&#8221; text_font_size=&#8221;36px&#8221; header_font=&#8221;|||on|||||&#8221; header_text_color=&#8221;#FFBE31&#8243; header_font_size=&#8221;48px&#8221; header_2_font=&#8221;|||on|||||&#8221; header_2_font_size=&#8221;30px&#8221; header_3_font=&#8221;Oswald|300||on|||||&#8221; header_3_text_color=&#8221;#C400FF&#8221; header_3_font_size=&#8221;48px&#8221; header_4_font=&#8221;|||on|||||&#8221; header_4_text_color=&#8221;#088CFB&#8221; header_4_font_size=&#8221;40px&#8221; header_4_line_height=&#8221;1.2em&#8221; background_color=&#8221;#000000&#8243; width_tablet=&#8221;&#8221; width_phone=&#8221;&#8221; width_last_edited=&#8221;on|phone&#8221; custom_margin=&#8221;|0px||0px|false|true&#8221; custom_padding=&#8221;20px|0px|20px|20px|true|false&#8221; custom_padding_tablet=&#8221;20px|20px|0px|20px|false|false&#8221; custom_padding_phone=&#8221;20px|20px|0px|20px|false|false&#8221; custom_padding_last_edited=&#8221;on|tablet&#8221; text_font_size_tablet=&#8221;36px&#8221; text_font_size_phone=&#8221;30px&#8221; text_font_size_last_edited=&#8221;on|phone&#8221; header_font_size_tablet=&#8221;48px&#8221; header_font_size_phone=&#8221;26px&#8221; header_font_size_last_edited=&#8221;on|phone&#8221; header_2_font_tablet=&#8221;|||on|||||&#8221; header_2_font_phone=&#8221;|||on|||||&#8221; header_2_font_last_edited=&#8221;on|desktop&#8221; header_2_font_size_tablet=&#8221;30px&#8221; header_2_font_size_phone=&#8221;24px&#8221; header_2_font_size_last_edited=&#8221;on|phone&#8221; header_3_font_size_tablet=&#8221;48px&#8221; header_3_font_size_phone=&#8221;30px&#8221; header_3_font_size_last_edited=&#8221;on|phone&#8221; header_4_font_size_tablet=&#8221;28px&#8221; header_4_font_size_phone=&#8221;24px&#8221; header_4_font_size_last_edited=&#8221;on|phone&#8221; global_colors_info=&#8221;{}&#8221;]<\/p>\n<h1>Adieu Quatuor Emerson !<\/h1>\n<h3 style=\"font-weight: 400;\">CONCERT PRESTIGE<\/h3>\n<h4>Dernier concert au Canada du c\u00e9l\u00e8bre Quatuor Emerson, avec les artistes invit\u00e9s Denis Brott, violoncelle, et Jan Lisiecki, piano<\/h4>\n<p>[\/et_pb_text][\/et_pb_column][et_pb_column type=&#8221;1_4&#8243; _builder_version=&#8221;4.16&#8243; custom_padding=&#8221;|||&#8221; global_colors_info=&#8221;{}&#8221; custom_padding__hover=&#8221;|||&#8221;][et_pb_button button_url=&#8221;https:\/\/am.ticketmaster.com\/pda\/fr-ca\/ism\/P3H0606S&#8221; button_text=&#8221;Tickets&#8221; button_alignment=&#8221;right&#8221; _builder_version=&#8221;4.20.2&#8243; _module_preset=&#8221;default&#8221; custom_button=&#8221;on&#8221; button_text_size=&#8221;24px&#8221; button_text_color=&#8221;#000000&#8243; button_bg_color=&#8221;#D5B240&#8243; button_border_color=&#8221;RGBA(255,255,255,0)&#8221; button_letter_spacing=&#8221;1px&#8221; button_font=&#8221;Oswald|||on|||||&#8221; button_use_icon=&#8221;off&#8221; custom_margin=&#8221;20px|20px|10px||false|false&#8221; custom_margin_tablet=&#8221;0px|20px|10px||false|false&#8221; custom_margin_phone=&#8221;0px||||false|false&#8221; custom_margin_last_edited=&#8221;on|phone&#8221; custom_padding=&#8221;||||false|false&#8221; button_text_size_tablet=&#8221;22px&#8221; button_text_size_phone=&#8221;16px&#8221; button_text_size_last_edited=&#8221;on|desktop&#8221; global_colors_info=&#8221;{}&#8221;][\/et_pb_button][et_pb_text _builder_version=&#8221;4.20.0&#8243; _module_preset=&#8221;default&#8221; text_font_size=&#8221;16px&#8221; text_line_height=&#8221;0.3em&#8221; custom_margin=&#8221;0px||0px||true|false&#8221; custom_padding=&#8221;20px|20px|20px||false|false&#8221; custom_padding_tablet=&#8221;14px|20px|20px||false|false&#8221; custom_padding_phone=&#8221;10px||||false|false&#8221; custom_padding_last_edited=&#8221;on|desktop&#8221; text_font_size_tablet=&#8221;16px&#8221; text_font_size_phone=&#8221;14px&#8221; text_font_size_last_edited=&#8221;on|phone&#8221; text_line_height_tablet=&#8221;0.3em&#8221; text_line_height_phone=&#8221;0.3em&#8221; text_line_height_last_edited=&#8221;on|desktop&#8221; global_colors_info=&#8221;{}&#8221; custom_padding__hover_enabled=&#8221;off|desktop&#8221;]<\/p>\n<p style=\"text-align: right;\"><span>Billets :<\/span> 70 $, 90 $<\/p>\n<p style=\"text-align: right;\">\u00c9tudiants 20 $<\/p>\n<p>[\/et_pb_text][\/et_pb_column][\/et_pb_row][et_pb_row custom_padding_last_edited=&#8221;off|desktop&#8221; _builder_version=&#8221;4.20.0&#8243; background_color=&#8221;#D5B240&#8243; width_tablet=&#8221;90%&#8221; width_phone=&#8221;90%&#8221; width_last_edited=&#8221;on|tablet&#8221; max_width=&#8221;80%&#8221; max_width_tablet=&#8221;80%&#8221; max_width_phone=&#8221;80%&#8221; max_width_last_edited=&#8221;on|desktop&#8221; module_alignment=&#8221;center&#8221; min_height=&#8221;100%&#8221; height=&#8221;100%&#8221; custom_margin=&#8221;0px|0px|0px|0px|false|false&#8221; custom_margin_tablet=&#8221;||0px||false|false&#8221; custom_margin_phone=&#8221;|10%|0px|10%|false|true&#8221; custom_margin_last_edited=&#8221;on|desktop&#8221; custom_padding=&#8221;0px|0px|0px|0px|false|false&#8221; box_shadow_style=&#8221;preset2&#8243; global_colors_info=&#8221;{}&#8221;][et_pb_column type=&#8221;4_4&#8243; _builder_version=&#8221;4.16&#8243; custom_padding=&#8221;|||&#8221; global_colors_info=&#8221;{}&#8221; custom_padding__hover=&#8221;|||&#8221;][et_pb_text _builder_version=&#8221;4.20.2&#8243; _module_preset=&#8221;default&#8221; text_text_color=&#8221;#FFFFFF&#8221; text_font_size=&#8221;24px&#8221; text_line_height=&#8221;1.3em&#8221; header_3_font=&#8221;||||||||&#8221; header_3_text_color=&#8221;#000000&#8243; header_4_font=&#8221;|||on|||||&#8221; header_4_text_color=&#8221;#000000&#8243; header_4_font_size=&#8221;30px&#8221; header_4_line_height=&#8221;1.2em&#8221; header_5_font=&#8221;Oswald|300|||||||&#8221; header_5_text_color=&#8221;#000000&#8243; header_5_font_size=&#8221;28px&#8221; header_5_line_height=&#8221;1.3em&#8221; header_6_font=&#8221;|||on|||||&#8221; header_6_text_color=&#8221;#FFFFFF&#8221; header_6_font_size=&#8221;36px&#8221; header_6_line_height=&#8221;1.2em&#8221; background_layout=&#8221;dark&#8221; custom_margin=&#8221;0px|0px|0px|0px|false|false&#8221; custom_padding=&#8221;40px|20px|40px|20px|false|false&#8221; custom_padding_tablet=&#8221;&#8221; custom_padding_phone=&#8221;20px||20px||true|false&#8221; custom_padding_last_edited=&#8221;on|desktop&#8221; text_font_size_tablet=&#8221;20px&#8221; text_font_size_phone=&#8221;16px&#8221; text_font_size_last_edited=&#8221;on|desktop&#8221; header_font_size_tablet=&#8221;&#8221; header_font_size_phone=&#8221;30px&#8221; header_font_size_last_edited=&#8221;on|phone&#8221; header_3_font_size_tablet=&#8221;&#8221; header_3_font_size_phone=&#8221;22px&#8221; header_3_font_size_last_edited=&#8221;on|phone&#8221; header_4_font_size_tablet=&#8221;30px&#8221; header_4_font_size_phone=&#8221;29px&#8221; header_4_font_size_last_edited=&#8221;on|desktop&#8221; header_5_font_size_tablet=&#8221;24px&#8221; header_5_font_size_phone=&#8221;21px&#8221; header_5_font_size_last_edited=&#8221;on|phone&#8221; header_6_font_size_tablet=&#8221;24px&#8221; header_6_font_size_phone=&#8221;21px&#8221; header_6_font_size_last_edited=&#8221;on|phone&#8221; global_colors_info=&#8221;{}&#8221;]<\/p>\n<h5>Artistes: Eugene Drucker et Philip Setzer, violons, Lawrence Dutton, alto, Paul Watkins, violoncelle (Quatuor Emerson), Denis Brott, violoncelle, Jan Lisiecki, piano<\/h5>\n<p>&nbsp;<\/p>\n<p>Consid\u00e9r\u00e9 comme l&#8217;un des meilleurs ensembles de chambre au monde, le Quatuor Emerson prendra sa retraite \u00e0 l&#8217;automne 2023, au terme d\u2019une carri\u00e8re de quarante-trois ans. Le 6 juin marquera son dernier concert au Festival de musique de chambre de Montr\u00e9al, son dernier concert au Canada, et votre derni\u00e8re chance de l\u2019entendre en direct. Le brillant pianiste canadien de 27 ans Jan Lisiecki jouera avec eux le Quintette avec piano de Dvo\u0159\u00e1k. Le directeur du Festival, Denis Brott, se joindra \u00e0 ses coll\u00e8gues et amis depuis plus de cinq d\u00e9cennies pour interpr\u00e9ter l&#8217;une des plus grandes \u0153uvres du r\u00e9pertoire de chambre, le Quintette \u00e0 deux violoncelles en do majeur de Schubert.<\/p>\n<p>&nbsp;<\/p>\n<h6><\/h6>\n<h6>Un \u00e9v\u00e9nement \u00e0 ne pas manquer !<\/h6>\n<p>[\/et_pb_text][et_pb_text _builder_version=&#8221;4.21.0&#8243; _module_preset=&#8221;default&#8221; text_text_color=&#8221;#C400FF&#8221; text_font_size=&#8221;24px&#8221; text_line_height=&#8221;1.3em&#8221; header_font=&#8221;|||on|||||&#8221; header_text_color=&#8221;#862996&#8243; header_2_font=&#8221;|||on|||||&#8221; header_2_text_color=&#8221;#FFBE31&#8243; header_2_letter_spacing=&#8221;3px&#8221; header_3_font=&#8221;||||||||&#8221; header_4_font=&#8221;|||on|||||&#8221; header_4_text_color=&#8221;#000000&#8243; header_4_font_size=&#8221;30px&#8221; header_4_line_height=&#8221;1.2em&#8221; header_5_font=&#8221;Oswald|300|||||||&#8221; header_5_text_color=&#8221;#000000&#8243; header_5_font_size=&#8221;28px&#8221; header_5_line_height=&#8221;1.3em&#8221; background_color=&#8221;#000000&#8243; background_layout=&#8221;dark&#8221; custom_padding=&#8221;20px|20px|20px|20px|true|true&#8221; custom_padding_tablet=&#8221;&#8221; custom_padding_phone=&#8221;&#8221; custom_padding_last_edited=&#8221;on|desktop&#8221; hover_enabled=&#8221;0&#8243; text_font_size_tablet=&#8221;16px&#8221; text_font_size_phone=&#8221;14px&#8221; text_font_size_last_edited=&#8221;on|desktop&#8221; header_2_font_size_tablet=&#8221;&#8221; header_2_font_size_phone=&#8221;24px&#8221; header_2_font_size_last_edited=&#8221;on|phone&#8221; global_colors_info=&#8221;{}&#8221; sticky_enabled=&#8221;0&#8243;]<\/p>\n<h2>Programme :<\/h2>\n<p><span style=\"color: #ffffff;\">Franz Schubert (1797-1828)<\/span><br \/>Quintette \u00e0 cordes en do majeur, D. 956<br \/><em>\u00a0 \u00a0 Allegro ma non troppo<\/em><br \/><em>\u00a0 \u00a0 Adagio<\/em><br \/><em>\u00a0 \u00a0 Scherzo. Presto \u2013 Trio. Andante sostenuto<\/em><br \/><em>\u00a0 \u00a0 Allegretto<\/em><\/p>\n<p><span style=\"color: #ffffff;\">Antonin Dvo\u0159\u00e1k (1841-1904)<\/span><br \/>Quintette pour piano n\u00b0 2 en la majeur, op. 81, B. 155<br \/><em>\u00a0 \u00a0 Allegro ma non tanto<\/em><br \/><em>\u00a0 \u00a0 Dumka. Andante con moto<\/em><br \/><em>\u00a0 \u00a0 Scherzo (Furiant). Molto vivace \u2013 Poco tranquillo<\/em><br \/><em>\u00a0 \u00a0 Finale. Allegro<\/em><\/p>\n<p>[\/et_pb_text][\/et_pb_column][\/et_pb_row][et_pb_row column_structure=&#8221;2_5,3_5&#8243; _builder_version=&#8221;4.20.2&#8243; _module_preset=&#8221;default&#8221; background_color=&#8221;#862996&#8243; max_width=&#8221;80%&#8221; module_alignment=&#8221;center&#8221; custom_margin=&#8221;0px|0px|0px|0px|true|true&#8221; custom_padding=&#8221;0px|0px|0px|0px|false|true&#8221; box_shadow_style=&#8221;preset2&#8243; global_colors_info=&#8221;{}&#8221;][et_pb_column type=&#8221;2_5&#8243; _builder_version=&#8221;4.20.2&#8243; _module_preset=&#8221;default&#8221; custom_padding=&#8221;0px|0px|0px|0px|false|false&#8221; global_colors_info=&#8221;{}&#8221;][et_pb_image src=&#8221;https:\/\/festivalmontreal.org\/wp-content\/uploads\/2023\/03\/salle-bourgie-par-bernard-fougue-re_ret_bac-2012_rgb-fr-1581970154.webp&#8221; title_text=&#8221;salle-bourgie-par-bernard-fougue-re_ret_bac-2012_rgb-fr-1581970154&#8243; force_fullwidth=&#8221;on&#8221; _builder_version=&#8221;4.20.2&#8243; _module_preset=&#8221;default&#8221; custom_margin=&#8221;0px|0px|0px|0px|true|true&#8221; custom_padding=&#8221;0px|0px|0px|0px|true|true&#8221; global_colors_info=&#8221;{}&#8221;][\/et_pb_image][\/et_pb_column][et_pb_column type=&#8221;3_5&#8243; _builder_version=&#8221;4.20.2&#8243; _module_preset=&#8221;default&#8221; custom_padding=&#8221;20px|20px|20px|20px|false|false&#8221; custom_padding_tablet=&#8221;20px|20px|20px|20px|false|false&#8221; custom_padding_last_edited=&#8221;off|desktop&#8221; global_colors_info=&#8221;{}&#8221;][et_pb_text _builder_version=&#8221;4.20.2&#8243; _module_preset=&#8221;default&#8221; text_font_size=&#8221;20px&#8221; text_line_height=&#8221;1.2em&#8221; header_font=&#8221;|||on|||||&#8221; header_font_size=&#8221;33px&#8221; width=&#8221;100%&#8221; max_width=&#8221;100%&#8221; module_alignment=&#8221;center&#8221; custom_margin=&#8221;0px|0px|0px|0px|false|false&#8221; custom_padding=&#8221;0px|20px|20px|0px|false|false&#8221; text_font_size_tablet=&#8221;20px&#8221; text_font_size_phone=&#8221;16px&#8221; text_font_size_last_edited=&#8221;on|tablet&#8221; header_font_size_tablet=&#8221;33px&#8221; header_font_size_phone=&#8221;20px&#8221; header_font_size_last_edited=&#8221;on|phone&#8221; global_colors_info=&#8221;{}&#8221;]<\/p>\n<h1>Salle Bourgie<\/h1>\n<p><span>Mus\u00e9e des beaux-arts de Montr\u00e9al<\/span><br \/><span>1339, rue Sherbrooke Ouest<\/span><br \/><span>Montr\u00e9al (Qu\u00e9bec) H3G 1G2<\/span><\/p>\n<p>[\/et_pb_text][et_pb_button button_url=&#8221;https:\/\/www.google.ca\/maps\/place\/Salle+Bourgie\/@45.4991142,-73.5795999,17z\/data=!3m1!4b1!4m6!3m5!1s0x4cc91a404198dc7d:0xf3049abd85d405c4!8m2!3d45.4991142!4d-73.5795999!16s%2Fg%2F11b620z9xw&#8221; button_text=&#8221;Google Map&#8221; _builder_version=&#8221;4.20.2&#8243; _module_preset=&#8221;default&#8221; custom_button=&#8221;on&#8221; button_text_color=&#8221;#FFFFFF&#8221; button_icon=&#8221;&#x35;||divi||400&#8243; button_on_hover=&#8221;off&#8221; button_text_size_tablet=&#8221;&#8221; button_text_size_phone=&#8221;16px&#8221; button_text_size_last_edited=&#8221;on|phone&#8221; global_colors_info=&#8221;{}&#8221;][\/et_pb_button][\/et_pb_column][\/et_pb_row][et_pb_row _builder_version=&#8221;4.20.0&#8243; _module_preset=&#8221;default&#8221; max_width=&#8221;80%&#8221; module_alignment=&#8221;center&#8221; custom_margin=&#8221;0px|0px|0px|0px|false|false&#8221; custom_padding=&#8221;30px|0px|0px|0px|false|false&#8221; global_colors_info=&#8221;{}&#8221;][et_pb_column type=&#8221;4_4&#8243; _builder_version=&#8221;4.20.0&#8243; _module_preset=&#8221;default&#8221; global_colors_info=&#8221;{}&#8221;][et_pb_text _builder_version=&#8221;4.20.2&#8243; _module_preset=&#8221;default&#8221; text_font=&#8221;|700|||||||&#8221; text_text_color=&#8221;#000000&#8243; text_font_size=&#8221;22px&#8221; text_font_size_tablet=&#8221;16px&#8221; text_font_size_phone=&#8221;14px&#8221; text_font_size_last_edited=&#8221;on|tablet&#8221; global_colors_info=&#8221;{}&#8221;]Commanditaire de la soir\u00e9e : Letko-Brosseau<\/p>\n<p>La participation de Jan Lisiecki est commandit\u00e9e par la Fondation Jane Skoryna[\/et_pb_text][\/et_pb_column][\/et_pb_row][et_pb_row column_structure=&#8221;1_2,1_2&#8243; _builder_version=&#8221;4.20.0&#8243; _module_preset=&#8221;default&#8221; max_width=&#8221;80%&#8221; custom_margin=&#8221;30px||||false|false&#8221; custom_css_main_element=&#8221;display: flex;&#8221; global_colors_info=&#8221;{}&#8221; custom_css_main_element_last_edited=&#8221;off|desktop&#8221; custom_css_main_element_phone=&#8221;display: flex;&#8221;][et_pb_column type=&#8221;1_2&#8243; _builder_version=&#8221;4.20.0&#8243; _module_preset=&#8221;default&#8221; global_colors_info=&#8221;{}&#8221;][et_pb_button button_url=&#8221;@ET-DC@eyJkeW5hbWljIjp0cnVlLCJjb250ZW50IjoicG9zdF9saW5rX3VybF9wYWdlIiwic2V0dGluZ3MiOnsicG9zdF9pZCI6IjIzNjQyOSJ9fQ==@&#8221; button_text=&#8221;Concert pr\u00e9c\u00e9dent&#8221; button_text_tablet=&#8221;Concert pr\u00e9c\u00e9dent&#8221; button_text_phone=&#8221; &#8221; button_text_last_edited=&#8221;on|phone&#8221; _builder_version=&#8221;4.20.0&#8243; _dynamic_attributes=&#8221;button_url&#8221; _module_preset=&#8221;default&#8221; custom_button=&#8221;on&#8221; button_text_color=&#8221;#FFFFFF&#8221; button_bg_color=&#8221;RGBA(255,255,255,0)&#8221; button_border_width=&#8221;0px&#8221; button_icon=&#8221;&#x44;||divi||400&#8243; button_icon_placement=&#8221;left&#8221; button_on_hover=&#8221;off&#8221; global_colors_info=&#8221;{}&#8221;][\/et_pb_button][\/et_pb_column][et_pb_column type=&#8221;1_2&#8243; _builder_version=&#8221;4.20.0&#8243; _module_preset=&#8221;default&#8221; global_colors_info=&#8221;{}&#8221;][et_pb_button button_url=&#8221;@ET-DC@eyJkeW5hbWljIjp0cnVlLCJjb250ZW50IjoicG9zdF9saW5rX3VybF9wYWdlIiwic2V0dGluZ3MiOnsicG9zdF9pZCI6IjIzNjQ4MSJ9fQ==@&#8221; button_text=&#8221;Prochain concert&#8221; button_alignment=&#8221;right&#8221; button_text_tablet=&#8221;Prochain concert&#8221; button_text_phone=&#8221; &#8221; button_text_last_edited=&#8221;on|tablet&#8221; _builder_version=&#8221;4.20.0&#8243; _dynamic_attributes=&#8221;button_url&#8221; _module_preset=&#8221;default&#8221; custom_button=&#8221;on&#8221; button_text_color=&#8221;#FFFFFF&#8221; button_bg_color=&#8221;RGBA(255,255,255,0)&#8221; button_border_width=&#8221;0px&#8221; button_icon=&#8221;&#x45;||divi||400&#8243; button_on_hover=&#8221;off&#8221; global_colors_info=&#8221;{}&#8221;][\/et_pb_button][\/et_pb_column][\/et_pb_row][\/et_pb_section]<\/p>\n","protected":false},"excerpt":{"rendered":"<p>Mardi 6 juin, 19 h 30 Salle Bourgie, MBAMAdieu Quatuor Emerson ! CONCERT PRESTIGE Dernier concert au Canada du c\u00e9l\u00e8bre Quatuor Emerson, avec les artistes invit\u00e9s Denis Brott, violoncelle, et Jan Lisiecki, pianoBillets : 70 $, 90 $ \u00c9tudiants 20 $Artistes: Eugene Drucker et Philip Setzer, violons, Lawrence Dutton, alto, Paul Watkins, violoncelle (Quatuor Emerson), [&hellip;]<\/p>\n","protected":false},"author":11,"featured_media":0,"parent":0,"menu_order":0,"comment_status":"closed","ping_status":"closed","template":"","meta":{"_acf_changed":false,"_et_pb_use_builder":"on","_et_pb_old_content":"","_et_gb_content_width":"","footnotes":""},"class_list":["post-236463","page","type-page","status-publish","hentry"],"acf":[],"_links":{"self":[{"href":"https:\/\/festivalmontreal.org\/en\/wp-json\/wp\/v2\/pages\/236463","targetHints":{"allow":["GET"]}}],"collection":[{"href":"https:\/\/festivalmontreal.org\/en\/wp-json\/wp\/v2\/pages"}],"about":[{"href":"https:\/\/festivalmontreal.org\/en\/wp-json\/wp\/v2\/types\/page"}],"author":[{"embeddable":true,"href":"https:\/\/festivalmontreal.org\/en\/wp-json\/wp\/v2\/users\/11"}],"replies":[{"embeddable":true,"href":"https:\/\/festivalmontreal.org\/en\/wp-json\/wp\/v2\/comments?post=236463"}],"version-history":[{"count":31,"href":"https:\/\/festivalmontreal.org\/en\/wp-json\/wp\/v2\/pages\/236463\/revisions"}],"predecessor-version":[{"id":238445,"href":"https:\/\/festivalmontreal.org\/en\/wp-json\/wp\/v2\/pages\/236463\/revisions\/238445"}],"wp:attachment":[{"href":"https:\/\/festivalmontreal.org\/en\/wp-json\/wp\/v2\/media?parent=236463"}],"curies":[{"name":"wp","href":"https:\/\/api.w.org\/{rel}","templated":true}]}}