{"id":236487,"date":"2023-03-05T16:07:02","date_gmt":"2023-03-05T16:07:02","guid":{"rendered":"https:\/\/festivalmontreal.org\/?page_id=236487"},"modified":"2024-05-01T15:35:52","modified_gmt":"2024-05-01T15:35:52","slug":"les-etoiles-canadiennes-en","status":"publish","type":"page","link":"https:\/\/festivalmontreal.org\/en\/les-etoiles-canadiennes-en\/","title":{"rendered":"\u00c9toiles canadiennes &#8211; EN"},"content":{"rendered":"<p>[et_pb_section fb_built=&#8221;1&#8243; custom_padding_last_edited=&#8221;on|desktop&#8221; _builder_version=&#8221;4.20.0&#8243; background_color=&#8221;#088CFB&#8221; background_enable_image=&#8221;off&#8221; background_blend=&#8221;luminosity&#8221; custom_padding=&#8221;150px||150px||true|false&#8221; custom_padding_tablet=&#8221;90px||0px||false|false&#8221; custom_padding_phone=&#8221;60px||||false|false&#8221; global_colors_info=&#8221;{}&#8221;][et_pb_row custom_padding_last_edited=&#8221;off|desktop&#8221; _builder_version=&#8221;4.20.0&#8243; background_color=&#8221;#000000&#8243; width_tablet=&#8221;90%&#8221; width_phone=&#8221;90%&#8221; width_last_edited=&#8221;on|tablet&#8221; max_width=&#8221;80%&#8221; max_width_tablet=&#8221;80%&#8221; max_width_phone=&#8221;80%&#8221; max_width_last_edited=&#8221;on|desktop&#8221; module_alignment=&#8221;center&#8221; min_height=&#8221;100%&#8221; height=&#8221;100%&#8221; custom_margin=&#8221;50px|0px|0px|0px|false|false&#8221; custom_padding=&#8221;0px|0px|0px|0px|false|false&#8221; box_shadow_style=&#8221;preset2&#8243; global_colors_info=&#8221;{}&#8221;][et_pb_column type=&#8221;4_4&#8243; _builder_version=&#8221;4.16&#8243; custom_padding=&#8221;|||&#8221; global_colors_info=&#8221;{}&#8221; custom_padding__hover=&#8221;|||&#8221;][et_pb_text _builder_version=&#8221;4.20.2&#8243; _module_preset=&#8221;default&#8221; text_font=&#8221;Oswald||||||||&#8221; text_text_color=&#8221;#FFFFFF&#8221; text_font_size=&#8221;56px&#8221; header_font=&#8221;|||on|||||&#8221; header_text_color=&#8221;#FFBE31&#8243; header_font_size=&#8221;48px&#8221; header_2_font=&#8221;|||on|||||&#8221; header_2_font_size=&#8221;36px&#8221; header_3_font=&#8221;Oswald|300||on|||||&#8221; header_3_text_color=&#8221;#C400FF&#8221; header_3_font_size=&#8221;48px&#8221; header_4_font=&#8221;|||on|||||&#8221; header_4_text_color=&#8221;#088CFB&#8221; header_4_font_size=&#8221;33px&#8221; header_4_line_height=&#8221;1.2em&#8221; background_color=&#8221;#000000&#8243; width_tablet=&#8221;&#8221; width_phone=&#8221;&#8221; width_last_edited=&#8221;on|phone&#8221; custom_margin=&#8221;|0px||0px|false|true&#8221; custom_padding=&#8221;20px|0px|20px|20px|true|false&#8221; custom_padding_tablet=&#8221;20px|0px|20px|20px|true|false&#8221; custom_padding_phone=&#8221;20px|0px|20px|20px|false|false&#8221; custom_padding_last_edited=&#8221;on|phone&#8221; text_font_size_tablet=&#8221;36px&#8221; text_font_size_phone=&#8221;30px&#8221; text_font_size_last_edited=&#8221;on|phone&#8221; header_font_size_tablet=&#8221;48px&#8221; header_font_size_phone=&#8221;30px&#8221; header_font_size_last_edited=&#8221;on|phone&#8221; header_2_font_tablet=&#8221;|||on|||||&#8221; header_2_font_phone=&#8221;|||on|||||&#8221; header_2_font_last_edited=&#8221;on|desktop&#8221; header_2_font_size_tablet=&#8221;36px&#8221; header_2_font_size_phone=&#8221;20px&#8221; header_2_font_size_last_edited=&#8221;on|phone&#8221; header_3_font_size_tablet=&#8221;48px&#8221; header_3_font_size_phone=&#8221;30px&#8221; header_3_font_size_last_edited=&#8221;on|phone&#8221; global_colors_info=&#8221;{}&#8221;]<\/p>\n<h2 style=\"font-weight: 400;\">Jeudi 8 juin, 19 h 30<\/h2>\n<h2 style=\"font-weight: 400;\"><span lang=\"FR-CA\">Salle Bourgie, MBAM<\/span><\/h2>\n<p>[\/et_pb_text][\/et_pb_column][\/et_pb_row][et_pb_row _builder_version=&#8221;4.20.0&#8243; _module_preset=&#8221;default&#8221; max_width=&#8221;80%&#8221; custom_margin=&#8221;0px|10%|0px|10%|true|true&#8221; custom_padding=&#8221;0px|0px|0px|0px|false|true&#8221; box_shadow_style=&#8221;preset2&#8243; global_colors_info=&#8221;{}&#8221;][et_pb_column type=&#8221;4_4&#8243; _builder_version=&#8221;4.20.0&#8243; _module_preset=&#8221;default&#8221; global_colors_info=&#8221;{}&#8221;][et_pb_image src=&#8221;https:\/\/festivalmontreal.org\/wp-content\/uploads\/2023\/03\/FMCM23_1920x1080_8jn19h30.jpg&#8221; title_text=&#8221;Photos : Anita Zvonar (Stewart Goodyear), Andrej Grilc (Bryan Cheng)&#8221; force_fullwidth=&#8221;on&#8221; _builder_version=&#8221;4.20.0&#8243; _module_preset=&#8221;default&#8221; custom_margin=&#8221;0px|0px|0px|0px|true|true&#8221; custom_padding=&#8221;0px|0px|0px|0px|true|true&#8221; global_colors_info=&#8221;{}&#8221;][\/et_pb_image][\/et_pb_column][\/et_pb_row][et_pb_row column_structure=&#8221;3_4,1_4&#8243; custom_padding_last_edited=&#8221;off|desktop&#8221; _builder_version=&#8221;4.20.0&#8243; background_color=&#8221;#000000&#8243; width_tablet=&#8221;90%&#8221; width_phone=&#8221;90%&#8221; width_last_edited=&#8221;on|tablet&#8221; max_width=&#8221;80%&#8221; max_width_tablet=&#8221;80%&#8221; max_width_phone=&#8221;80%&#8221; max_width_last_edited=&#8221;on|desktop&#8221; module_alignment=&#8221;center&#8221; min_height=&#8221;100%&#8221; height=&#8221;100%&#8221; custom_margin=&#8221;0px|0px|0px|0px|true|false&#8221; custom_padding=&#8221;0px|0px|0px|0px|true|false&#8221; box_shadow_style=&#8221;preset2&#8243; global_colors_info=&#8221;{}&#8221;][et_pb_column type=&#8221;3_4&#8243; _builder_version=&#8221;4.16&#8243; custom_padding=&#8221;|||&#8221; global_colors_info=&#8221;{}&#8221; custom_padding__hover=&#8221;|||&#8221;][et_pb_text _builder_version=&#8221;4.20.2&#8243; _module_preset=&#8221;default&#8221; text_font=&#8221;Oswald||||||||&#8221; text_text_color=&#8221;#FFFFFF&#8221; text_font_size=&#8221;36px&#8221; header_font=&#8221;|||on|||||&#8221; header_text_color=&#8221;#FFBE31&#8243; header_font_size=&#8221;48px&#8221; header_2_font=&#8221;|||on|||||&#8221; header_2_font_size=&#8221;30px&#8221; header_3_font=&#8221;Oswald|300||on|||||&#8221; header_3_text_color=&#8221;#C400FF&#8221; header_3_font_size=&#8221;48px&#8221; header_4_font=&#8221;|||on|||||&#8221; header_4_text_color=&#8221;#088CFB&#8221; header_4_font_size=&#8221;40px&#8221; header_4_line_height=&#8221;1.2em&#8221; background_color=&#8221;#000000&#8243; width_tablet=&#8221;&#8221; width_phone=&#8221;&#8221; width_last_edited=&#8221;on|phone&#8221; custom_margin=&#8221;|0px||0px|false|true&#8221; custom_margin_tablet=&#8221;|0px||0px|false|true&#8221; custom_margin_phone=&#8221;||0px||false|true&#8221; custom_margin_last_edited=&#8221;on|phone&#8221; custom_padding=&#8221;20px|0px|20px|20px|true|false&#8221; custom_padding_tablet=&#8221;20px|20px|0px|20px|false|false&#8221; custom_padding_phone=&#8221;20px|20px|0px|20px|false|false&#8221; custom_padding_last_edited=&#8221;on|phone&#8221; text_font_size_tablet=&#8221;36px&#8221; text_font_size_phone=&#8221;30px&#8221; text_font_size_last_edited=&#8221;on|phone&#8221; header_font_size_tablet=&#8221;48px&#8221; header_font_size_phone=&#8221;26px&#8221; header_font_size_last_edited=&#8221;on|phone&#8221; header_2_font_tablet=&#8221;|||on|||||&#8221; header_2_font_phone=&#8221;|||on|||||&#8221; header_2_font_last_edited=&#8221;on|desktop&#8221; header_2_font_size_tablet=&#8221;30px&#8221; header_2_font_size_phone=&#8221;24px&#8221; header_2_font_size_last_edited=&#8221;on|phone&#8221; header_3_font_size_tablet=&#8221;48px&#8221; header_3_font_size_phone=&#8221;30px&#8221; header_3_font_size_last_edited=&#8221;on|phone&#8221; header_4_font_size_tablet=&#8221;28px&#8221; header_4_font_size_phone=&#8221;24px&#8221; header_4_font_size_last_edited=&#8221;on|phone&#8221; global_colors_info=&#8221;{}&#8221;]<\/p>\n<h1>\u00c9toiles canadiennes<\/h1>\n<h3 style=\"font-weight: 400;\"><\/h3>\n<h4>Un concert haut en couleurs, par trois artistes canadiens aux carri\u00e8res internationales.<\/h4>\n<p>[\/et_pb_text][\/et_pb_column][et_pb_column type=&#8221;1_4&#8243; _builder_version=&#8221;4.16&#8243; custom_padding=&#8221;|||&#8221; global_colors_info=&#8221;{}&#8221; custom_padding__hover=&#8221;|||&#8221;][et_pb_button button_url=&#8221;https:\/\/am.ticketmaster.com\/pda\/en\/ism\/P3H0608S&#8221; button_text=&#8221;Tickets&#8221; button_alignment=&#8221;right&#8221; _builder_version=&#8221;4.20.2&#8243; _module_preset=&#8221;default&#8221; custom_button=&#8221;on&#8221; button_text_size=&#8221;24px&#8221; button_text_color=&#8221;#000000&#8243; button_bg_color=&#8221;#D5B240&#8243; button_border_color=&#8221;RGBA(255,255,255,0)&#8221; button_letter_spacing=&#8221;1px&#8221; button_font=&#8221;Oswald|||on|||||&#8221; button_use_icon=&#8221;off&#8221; custom_margin=&#8221;20px|20px|10px||false|false&#8221; custom_margin_tablet=&#8221;0px||||false|false&#8221; custom_margin_phone=&#8221;0px||||false|false&#8221; custom_margin_last_edited=&#8221;on|tablet&#8221; custom_padding=&#8221;||||false|false&#8221; button_text_size_tablet=&#8221;22px&#8221; button_text_size_phone=&#8221;16px&#8221; button_text_size_last_edited=&#8221;on|desktop&#8221; global_colors_info=&#8221;{}&#8221;][\/et_pb_button][et_pb_text _builder_version=&#8221;4.20.0&#8243; _module_preset=&#8221;default&#8221; text_font_size=&#8221;16px&#8221; text_line_height=&#8221;0.3em&#8221; custom_margin=&#8221;0px||0px||true|false&#8221; custom_padding=&#8221;20px|20px|20px||false|false&#8221; custom_padding_tablet=&#8221;14px|20px|20px||false|false&#8221; custom_padding_phone=&#8221;10px||||false|false&#8221; custom_padding_last_edited=&#8221;on|desktop&#8221; text_font_size_tablet=&#8221;16px&#8221; text_font_size_phone=&#8221;14px&#8221; text_font_size_last_edited=&#8221;on|phone&#8221; text_line_height_tablet=&#8221;0.3em&#8221; text_line_height_phone=&#8221;0.3em&#8221; text_line_height_last_edited=&#8221;on|desktop&#8221; global_colors_info=&#8221;{}&#8221; custom_padding__hover_enabled=&#8221;off|desktop&#8221;]<\/p>\n<p style=\"text-align: right;\"><span>Billets :<\/span> 50 $, 70 $<\/p>\n<p style=\"text-align: right;\">\u00c9tudiants 20 $<\/p>\n<p>[\/et_pb_text][\/et_pb_column][\/et_pb_row][et_pb_row custom_padding_last_edited=&#8221;off|desktop&#8221; _builder_version=&#8221;4.20.2&#8243; background_color=&#8221;#D5B240&#8243; width_tablet=&#8221;90%&#8221; width_phone=&#8221;90%&#8221; width_last_edited=&#8221;on|tablet&#8221; max_width=&#8221;80%&#8221; max_width_tablet=&#8221;80%&#8221; max_width_phone=&#8221;80%&#8221; max_width_last_edited=&#8221;on|desktop&#8221; module_alignment=&#8221;center&#8221; min_height=&#8221;100%&#8221; height=&#8221;100%&#8221; custom_margin=&#8221;|0px|0px|0px|false|false&#8221; custom_margin_tablet=&#8221;||0px||false|false&#8221; custom_margin_phone=&#8221;|10%|0px|10%|false|true&#8221; custom_margin_last_edited=&#8221;on|desktop&#8221; custom_padding=&#8221;0px|0px|0px|0px|false|false&#8221; box_shadow_style=&#8221;preset2&#8243; global_colors_info=&#8221;{}&#8221;][et_pb_column type=&#8221;4_4&#8243; _builder_version=&#8221;4.16&#8243; custom_padding=&#8221;|||&#8221; global_colors_info=&#8221;{}&#8221; custom_padding__hover=&#8221;|||&#8221;][et_pb_text _builder_version=&#8221;4.20.2&#8243; _module_preset=&#8221;default&#8221; text_text_color=&#8221;#FFFFFF&#8221; text_font_size=&#8221;24px&#8221; text_line_height=&#8221;1.3em&#8221; header_3_font=&#8221;||||||||&#8221; header_3_text_color=&#8221;#000000&#8243; header_4_font=&#8221;|||on|||||&#8221; header_4_text_color=&#8221;#000000&#8243; header_4_font_size=&#8221;30px&#8221; header_4_line_height=&#8221;1.2em&#8221; header_5_font=&#8221;Oswald|300|||||||&#8221; header_5_text_color=&#8221;#000000&#8243; header_5_font_size=&#8221;28px&#8221; header_5_line_height=&#8221;1.3em&#8221; header_6_font=&#8221;|||on|||||&#8221; header_6_text_color=&#8221;#FFFFFF&#8221; header_6_font_size=&#8221;36px&#8221; header_6_line_height=&#8221;1.2em&#8221; background_layout=&#8221;dark&#8221; custom_margin=&#8221;0px|0px|0px|0px|false|false&#8221; custom_padding=&#8221;40px|20px|40px|20px|false|true&#8221; custom_padding_tablet=&#8221;&#8221; custom_padding_phone=&#8221;20px||20px||true|false&#8221; custom_padding_last_edited=&#8221;on|desktop&#8221; text_font_size_tablet=&#8221;20px&#8221; text_font_size_phone=&#8221;16px&#8221; text_font_size_last_edited=&#8221;on|desktop&#8221; header_font_size_tablet=&#8221;&#8221; header_font_size_phone=&#8221;30px&#8221; header_font_size_last_edited=&#8221;on|phone&#8221; header_3_font_size_tablet=&#8221;&#8221; header_3_font_size_phone=&#8221;22px&#8221; header_3_font_size_last_edited=&#8221;on|phone&#8221; header_4_font_size_tablet=&#8221;30px&#8221; header_4_font_size_phone=&#8221;29px&#8221; header_4_font_size_last_edited=&#8221;on|desktop&#8221; header_5_font_size_tablet=&#8221;24px&#8221; header_5_font_size_phone=&#8221;21px&#8221; header_5_font_size_last_edited=&#8221;on|phone&#8221; header_6_font_size_tablet=&#8221;24px&#8221; header_6_font_size_phone=&#8221;21px&#8221; header_6_font_size_last_edited=&#8221;on|phone&#8221; global_colors_info=&#8221;{}&#8221;]<\/p>\n<h5>Artistes: Kerson Leong, violon, Bryan Cheng, violoncelle, Stewart Goodyear, piano<\/h5>\n<p>&nbsp;<\/p>\n<p style=\"font-weight: 400;\">Dans le domaine de la musique classique, il est vraiment remarquable de constater \u00e0 quel point le Canada se distingue sur la sc\u00e8ne internationale. R\u00e9unis pour la premi\u00e8re fois, les trois interpr\u00e8tes de ce concert font partie de l&#8217;\u00e9lite mondiale de la nouvelle g\u00e9n\u00e9ration d\u2019interpr\u00e8tes internationaux. Leur programme diversifi\u00e9 comprendra la premi\u00e8re qu\u00e9b\u00e9coise de l\u2019<em>Introduction et Rondo Capriccioso<\/em> du pianiste Stewart Goodyear, la <em>Sonate Au clair de lune<\/em> de Beethoven, \u0153uvre toujours populaire, l&#8217;influence tzigane hongroise du <em>Duo pour violon et violoncelle<\/em> de Kod\u00e1ly et les m\u00e9lodies de danse remarquablement m\u00e9lodieuses et inoubliables du <em>Trio pour piano \u00ab Dumky \u00bb<\/em> de Dvo\u0159\u00e1k.  <\/p>\n<p>&nbsp;<\/p>\n<h6>Ce programme constituera certainement une enivrante combinaison de couleurs, de styles, de m\u00e9lodies et de talents exceptionnels !<\/h6>\n<p>[\/et_pb_text][et_pb_text _builder_version=&#8221;4.21.0&#8243; _module_preset=&#8221;default&#8221; text_text_color=&#8221;#C400FF&#8221; text_font_size=&#8221;24px&#8221; text_line_height=&#8221;1.3em&#8221; header_font=&#8221;|||on|||||&#8221; header_text_color=&#8221;#862996&#8243; header_2_font=&#8221;|||on|||||&#8221; header_2_text_color=&#8221;#FFBE31&#8243; header_2_letter_spacing=&#8221;3px&#8221; header_3_font=&#8221;||||||||&#8221; header_4_font=&#8221;|||on|||||&#8221; header_4_text_color=&#8221;#000000&#8243; header_4_font_size=&#8221;30px&#8221; header_4_line_height=&#8221;1.2em&#8221; header_5_font=&#8221;Oswald|300|||||||&#8221; header_5_text_color=&#8221;#000000&#8243; header_5_font_size=&#8221;28px&#8221; header_5_line_height=&#8221;1.3em&#8221; header_6_text_color=&#8221;#C400FF&#8221; header_6_line_height=&#8221;1.2em&#8221; background_color=&#8221;#000000&#8243; background_layout=&#8221;dark&#8221; custom_padding=&#8221;20px|20px|20px|20px|true|true&#8221; custom_padding_tablet=&#8221;&#8221; custom_padding_phone=&#8221;&#8221; custom_padding_last_edited=&#8221;on|desktop&#8221; hover_enabled=&#8221;0&#8243; text_font_size_tablet=&#8221;16px&#8221; text_font_size_phone=&#8221;14px&#8221; text_font_size_last_edited=&#8221;on|desktop&#8221; header_2_font_size_tablet=&#8221;&#8221; header_2_font_size_phone=&#8221;24px&#8221; header_2_font_size_last_edited=&#8221;on|phone&#8221; global_colors_info=&#8221;{}&#8221; sticky_enabled=&#8221;0&#8243;]<\/p>\n<h2>Programme :<\/h2>\n<p><span style=\"color: #ffffff;\">Stewart Goodyear (1978- )<\/span><br \/>Introduction &amp; Rondo Capriccioso*<\/p>\n<p><span style=\"color: #ffffff;\">Ludwig van Beethoven (1770-1827)<\/span><br \/>Sonate n\u00ba 14 en do di\u00e8se mineur, op. 27 n\u00ba 2, \u00ab Au clair de lune \u00bb<br \/><em>\u00a0 \u00a0 Adagio sostenuto<\/em><br \/><em>\u00a0 \u00a0 Allegretto<\/em><br \/><em>\u00a0 \u00a0 Presto agitato<\/em><\/p>\n<p><span style=\"color: #ffffff;\">Zolt\u00e1n Kod\u00e1ly (1882-1967)<\/span><br \/>Duo pour violon et violoncelle, op.7<br \/><em>\u00a0 \u00a0 Allegro serioso, ma non troppo<\/em><br \/><em>\u00a0 \u00a0 Adagio<\/em><br \/><em>\u00a0 \u00a0 Maestoso e largamente, ma non troppo lento<\/em><\/p>\n<p><span style=\"color: #ffffff;\">Antonin Dvo\u0159\u00e1k (1841-1904)<\/span><br \/>Trio avec piano n\u00ba 4 en mi mineur, op. 90, B. 166, \u00ab Dumky \u00bb<br \/><em>\u00a0 \u00a0 Dumka I. Lento maestoso<\/em><br \/><em>\u00a0 \u00a0 Dumka II. Poco adagio<\/em><br \/><em>\u00a0 \u00a0 Dumka III. Andante<\/em><br \/><em>\u00a0 \u00a0 Dumka IV. Andante moderato<\/em><br \/><em>\u00a0 \u00a0 Dumka V. Allegro<\/em><br \/><em>\u00a0 \u00a0 Dumka VI. Lento maestoso<\/em><\/p>\n<p><em><\/em><\/p>\n<h6>*Premi\u00e8re qu\u00e9b\u00e9coise<\/h6>\n<p>[\/et_pb_text][\/et_pb_column][\/et_pb_row][et_pb_row column_structure=&#8221;2_5,3_5&#8243; _builder_version=&#8221;4.20.2&#8243; _module_preset=&#8221;default&#8221; background_color=&#8221;#862996&#8243; max_width=&#8221;80%&#8221; module_alignment=&#8221;center&#8221; custom_margin=&#8221;0px|0px|0px|0px|true|true&#8221; custom_padding=&#8221;0px|0px|0px|0px|false|true&#8221; box_shadow_style=&#8221;preset2&#8243; global_colors_info=&#8221;{}&#8221;][et_pb_column type=&#8221;2_5&#8243; _builder_version=&#8221;4.20.2&#8243; _module_preset=&#8221;default&#8221; custom_padding=&#8221;0px|0px|0px|0px|false|false&#8221; global_colors_info=&#8221;{}&#8221;][et_pb_image src=&#8221;https:\/\/festivalmontreal.org\/wp-content\/uploads\/2023\/03\/salle-bourgie-par-bernard-fougue-re_ret_bac-2012_rgb-fr-1581970154.webp&#8221; title_text=&#8221;salle-bourgie-par-bernard-fougue-re_ret_bac-2012_rgb-fr-1581970154&#8243; force_fullwidth=&#8221;on&#8221; _builder_version=&#8221;4.20.2&#8243; _module_preset=&#8221;default&#8221; custom_margin=&#8221;0px|0px|0px|0px|true|true&#8221; custom_padding=&#8221;0px|0px|0px|0px|true|true&#8221; global_colors_info=&#8221;{}&#8221;][\/et_pb_image][\/et_pb_column][et_pb_column type=&#8221;3_5&#8243; _builder_version=&#8221;4.20.2&#8243; _module_preset=&#8221;default&#8221; custom_padding=&#8221;20px|20px|20px|20px|false|false&#8221; custom_padding_tablet=&#8221;20px|20px|20px|20px|false|false&#8221; custom_padding_last_edited=&#8221;off|desktop&#8221; global_colors_info=&#8221;{}&#8221;][et_pb_text _builder_version=&#8221;4.20.2&#8243; _module_preset=&#8221;default&#8221; text_font_size=&#8221;20px&#8221; text_line_height=&#8221;1.2em&#8221; header_font=&#8221;|||on|||||&#8221; header_font_size=&#8221;33px&#8221; width=&#8221;100%&#8221; max_width=&#8221;100%&#8221; module_alignment=&#8221;center&#8221; custom_margin=&#8221;0px|0px|0px|0px|false|false&#8221; custom_padding=&#8221;0px|20px|20px|0px|false|false&#8221; text_font_size_tablet=&#8221;20px&#8221; text_font_size_phone=&#8221;16px&#8221; text_font_size_last_edited=&#8221;on|tablet&#8221; header_font_size_tablet=&#8221;33px&#8221; header_font_size_phone=&#8221;20px&#8221; header_font_size_last_edited=&#8221;on|phone&#8221; global_colors_info=&#8221;{}&#8221;]<\/p>\n<h1>Salle Bourgie<\/h1>\n<p><span>Mus\u00e9e des beaux-arts de Montr\u00e9al<\/span><br \/><span>1339, rue Sherbrooke Ouest<\/span><br \/><span>Montr\u00e9al (Qu\u00e9bec) H3G 1G2<\/span><\/p>\n<p>[\/et_pb_text][et_pb_button button_url=&#8221;https:\/\/www.google.ca\/maps\/place\/Salle+Bourgie\/@45.4991142,-73.5795999,17z\/data=!3m1!4b1!4m6!3m5!1s0x4cc91a404198dc7d:0xf3049abd85d405c4!8m2!3d45.4991142!4d-73.5795999!16s%2Fg%2F11b620z9xw&#8221; button_text=&#8221;Google Map&#8221; _builder_version=&#8221;4.20.2&#8243; _module_preset=&#8221;default&#8221; custom_button=&#8221;on&#8221; button_text_color=&#8221;#FFFFFF&#8221; button_icon=&#8221;&#x35;||divi||400&#8243; button_on_hover=&#8221;off&#8221; button_text_size_tablet=&#8221;&#8221; button_text_size_phone=&#8221;16px&#8221; button_text_size_last_edited=&#8221;on|phone&#8221; global_colors_info=&#8221;{}&#8221;][\/et_pb_button][\/et_pb_column][\/et_pb_row][et_pb_row column_structure=&#8221;1_2,1_2&#8243; _builder_version=&#8221;4.20.0&#8243; _module_preset=&#8221;default&#8221; max_width=&#8221;80%&#8221; custom_margin=&#8221;30px||||false|false&#8221; custom_css_main_element=&#8221;display: flex;&#8221; global_colors_info=&#8221;{}&#8221; custom_css_main_element_last_edited=&#8221;off|desktop&#8221; custom_css_main_element_phone=&#8221;display: flex;&#8221;][et_pb_column type=&#8221;1_2&#8243; _builder_version=&#8221;4.20.0&#8243; _module_preset=&#8221;default&#8221; global_colors_info=&#8221;{}&#8221;][et_pb_button button_url=&#8221;@ET-DC@eyJkeW5hbWljIjp0cnVlLCJjb250ZW50IjoicG9zdF9saW5rX3VybF9wYWdlIiwic2V0dGluZ3MiOnsicG9zdF9pZCI6IjIzNjQ4MSJ9fQ==@&#8221; button_text=&#8221;Concert pr\u00e9c\u00e9dent&#8221; button_text_tablet=&#8221;Concert pr\u00e9c\u00e9dent&#8221; button_text_phone=&#8221; &#8221; button_text_last_edited=&#8221;on|phone&#8221; _builder_version=&#8221;4.20.2&#8243; _dynamic_attributes=&#8221;button_url&#8221; _module_preset=&#8221;default&#8221; custom_button=&#8221;on&#8221; button_text_color=&#8221;#FFFFFF&#8221; button_bg_color=&#8221;RGBA(255,255,255,0)&#8221; button_border_width=&#8221;0px&#8221; button_icon=&#8221;&#x44;||divi||400&#8243; button_icon_placement=&#8221;left&#8221; button_on_hover=&#8221;off&#8221; global_colors_info=&#8221;{}&#8221;][\/et_pb_button][\/et_pb_column][et_pb_column type=&#8221;1_2&#8243; _builder_version=&#8221;4.20.0&#8243; _module_preset=&#8221;default&#8221; global_colors_info=&#8221;{}&#8221;][et_pb_button button_url=&#8221;@ET-DC@eyJkeW5hbWljIjp0cnVlLCJjb250ZW50IjoicG9zdF9saW5rX3VybF9wYWdlIiwic2V0dGluZ3MiOnsicG9zdF9pZCI6IjIzNjQ5MyJ9fQ==@&#8221; button_text=&#8221;Prochain concert&#8221; button_alignment=&#8221;right&#8221; button_text_tablet=&#8221;Prochain concert&#8221; button_text_phone=&#8221; &#8221; button_text_last_edited=&#8221;on|tablet&#8221; _builder_version=&#8221;4.20.2&#8243; _dynamic_attributes=&#8221;button_url&#8221; _module_preset=&#8221;default&#8221; custom_button=&#8221;on&#8221; button_text_color=&#8221;#FFFFFF&#8221; button_bg_color=&#8221;RGBA(255,255,255,0)&#8221; button_border_width=&#8221;0px&#8221; button_icon=&#8221;&#x45;||divi||400&#8243; button_on_hover=&#8221;off&#8221; global_colors_info=&#8221;{}&#8221;][\/et_pb_button][\/et_pb_column][\/et_pb_row][\/et_pb_section]<\/p>\n","protected":false},"excerpt":{"rendered":"<p>Jeudi 8 juin, 19 h 30 Salle Bourgie, MBAM\u00c9toiles canadiennes Un concert haut en couleurs, par trois artistes canadiens aux carri\u00e8res internationales.Billets : 50 $, 70 $ \u00c9tudiants 20 $Artistes: Kerson Leong, violon, Bryan Cheng, violoncelle, Stewart Goodyear, piano &nbsp; Dans le domaine de la musique classique, il est vraiment remarquable de constater \u00e0 quel [&hellip;]<\/p>\n","protected":false},"author":11,"featured_media":0,"parent":0,"menu_order":0,"comment_status":"closed","ping_status":"closed","template":"","meta":{"_acf_changed":false,"_et_pb_use_builder":"on","_et_pb_old_content":"","_et_gb_content_width":"","footnotes":""},"class_list":["post-236487","page","type-page","status-publish","hentry"],"acf":[],"_links":{"self":[{"href":"https:\/\/festivalmontreal.org\/en\/wp-json\/wp\/v2\/pages\/236487","targetHints":{"allow":["GET"]}}],"collection":[{"href":"https:\/\/festivalmontreal.org\/en\/wp-json\/wp\/v2\/pages"}],"about":[{"href":"https:\/\/festivalmontreal.org\/en\/wp-json\/wp\/v2\/types\/page"}],"author":[{"embeddable":true,"href":"https:\/\/festivalmontreal.org\/en\/wp-json\/wp\/v2\/users\/11"}],"replies":[{"embeddable":true,"href":"https:\/\/festivalmontreal.org\/en\/wp-json\/wp\/v2\/comments?post=236487"}],"version-history":[{"count":19,"href":"https:\/\/festivalmontreal.org\/en\/wp-json\/wp\/v2\/pages\/236487\/revisions"}],"predecessor-version":[{"id":238449,"href":"https:\/\/festivalmontreal.org\/en\/wp-json\/wp\/v2\/pages\/236487\/revisions\/238449"}],"wp:attachment":[{"href":"https:\/\/festivalmontreal.org\/en\/wp-json\/wp\/v2\/media?parent=236487"}],"curies":[{"name":"wp","href":"https:\/\/api.w.org\/{rel}","templated":true}]}}