{"id":236493,"date":"2023-03-05T16:16:14","date_gmt":"2023-03-05T16:16:14","guid":{"rendered":"https:\/\/festivalmontreal.org\/?page_id=236493"},"modified":"2024-04-28T15:05:19","modified_gmt":"2024-04-28T15:05:19","slug":"contes-de-fees-en","status":"publish","type":"page","link":"https:\/\/festivalmontreal.org\/en\/contes-de-fees-en\/","title":{"rendered":"Contes de f\u00e9es &#8211; EN"},"content":{"rendered":"<p>[et_pb_section fb_built=&#8221;1&#8243; custom_padding_last_edited=&#8221;on|desktop&#8221; _builder_version=&#8221;4.22.0&#8243; background_color=&#8221;#088cfb&#8221; background_enable_image=&#8221;off&#8221; background_blend=&#8221;luminosity&#8221; custom_padding=&#8221;150px||150px||true|false&#8221; custom_padding_tablet=&#8221;90px||0px||false|false&#8221; custom_padding_phone=&#8221;60px||||false|false&#8221; hover_enabled=&#8221;0&#8243; global_colors_info=&#8221;{}&#8221; sticky_enabled=&#8221;0&#8243;][et_pb_row custom_padding_last_edited=&#8221;off|desktop&#8221; _builder_version=&#8221;4.20.0&#8243; background_color=&#8221;#000000&#8243; width_tablet=&#8221;90%&#8221; width_phone=&#8221;90%&#8221; width_last_edited=&#8221;on|tablet&#8221; max_width=&#8221;80%&#8221; max_width_tablet=&#8221;80%&#8221; max_width_phone=&#8221;80%&#8221; max_width_last_edited=&#8221;on|desktop&#8221; module_alignment=&#8221;center&#8221; min_height=&#8221;100%&#8221; height=&#8221;100%&#8221; custom_margin=&#8221;50px|0px|0px|0px|false|false&#8221; custom_padding=&#8221;0px|0px|0px|0px|false|false&#8221; box_shadow_style=&#8221;preset2&#8243; global_colors_info=&#8221;{}&#8221;][et_pb_column type=&#8221;4_4&#8243; _builder_version=&#8221;4.16&#8243; custom_padding=&#8221;|||&#8221; global_colors_info=&#8221;{}&#8221; custom_padding__hover=&#8221;|||&#8221;][et_pb_text _builder_version=&#8221;4.20.2&#8243; _module_preset=&#8221;default&#8221; text_font=&#8221;Oswald||||||||&#8221; text_text_color=&#8221;#FFFFFF&#8221; text_font_size=&#8221;56px&#8221; header_font=&#8221;|||on|||||&#8221; header_text_color=&#8221;#FFBE31&#8243; header_font_size=&#8221;48px&#8221; header_2_font=&#8221;|||on|||||&#8221; header_2_font_size=&#8221;36px&#8221; header_3_font=&#8221;Oswald|300||on|||||&#8221; header_3_text_color=&#8221;#C400FF&#8221; header_3_font_size=&#8221;48px&#8221; header_4_font=&#8221;|||on|||||&#8221; header_4_text_color=&#8221;#088CFB&#8221; header_4_font_size=&#8221;33px&#8221; header_4_line_height=&#8221;1.2em&#8221; background_color=&#8221;#000000&#8243; width_tablet=&#8221;&#8221; width_phone=&#8221;&#8221; width_last_edited=&#8221;on|phone&#8221; custom_margin=&#8221;|0px||0px|false|true&#8221; custom_padding=&#8221;20px|0px|20px|20px|true|false&#8221; custom_padding_tablet=&#8221;20px|0px|20px|20px|true|false&#8221; custom_padding_phone=&#8221;20px|0px|20px|20px|false|false&#8221; custom_padding_last_edited=&#8221;on|phone&#8221; text_font_size_tablet=&#8221;36px&#8221; text_font_size_phone=&#8221;30px&#8221; text_font_size_last_edited=&#8221;on|phone&#8221; header_font_size_tablet=&#8221;48px&#8221; header_font_size_phone=&#8221;30px&#8221; header_font_size_last_edited=&#8221;on|phone&#8221; header_2_font_tablet=&#8221;|||on|||||&#8221; header_2_font_phone=&#8221;|||on|||||&#8221; header_2_font_last_edited=&#8221;on|desktop&#8221; header_2_font_size_tablet=&#8221;36px&#8221; header_2_font_size_phone=&#8221;20px&#8221; header_2_font_size_last_edited=&#8221;on|phone&#8221; header_3_font_size_tablet=&#8221;48px&#8221; header_3_font_size_phone=&#8221;30px&#8221; header_3_font_size_last_edited=&#8221;on|phone&#8221; global_colors_info=&#8221;{}&#8221;]<\/p>\n<h2 style=\"font-weight: 400;\">Sunday, June 11th, 3:30 pm<\/h2>\n<h2 style=\"font-weight: 400;\"><span lang=\"FR-CA\">Salle Bourgie, MBAM<\/span><\/h2>\n<p>[\/et_pb_text][\/et_pb_column][\/et_pb_row][et_pb_row _builder_version=&#8221;4.20.0&#8243; _module_preset=&#8221;default&#8221; max_width=&#8221;80%&#8221; custom_margin=&#8221;0px|10%|0px|10%|true|true&#8221; custom_padding=&#8221;0px|0px|0px|0px|false|true&#8221; box_shadow_style=&#8221;preset2&#8243; global_colors_info=&#8221;{}&#8221;][et_pb_column type=&#8221;4_4&#8243; _builder_version=&#8221;4.20.0&#8243; _module_preset=&#8221;default&#8221; global_colors_info=&#8221;{}&#8221;][et_pb_image src=&#8221;https:\/\/festivalmontreal.org\/wp-content\/uploads\/2023\/03\/FMCM23_1920x1080_11jn15h30.jpg&#8221; title_text=&#8221;Photo: Lino Cipresso (Jean Marchand)&#8221; force_fullwidth=&#8221;on&#8221; _builder_version=&#8221;4.20.0&#8243; _module_preset=&#8221;default&#8221; custom_margin=&#8221;0px|0px|0px|0px|true|true&#8221; custom_padding=&#8221;0px|0px|0px|0px|true|true&#8221; global_colors_info=&#8221;{}&#8221;][\/et_pb_image][\/et_pb_column][\/et_pb_row][et_pb_row column_structure=&#8221;3_4,1_4&#8243; custom_padding_last_edited=&#8221;off|desktop&#8221; _builder_version=&#8221;4.20.0&#8243; background_color=&#8221;#000000&#8243; width_tablet=&#8221;90%&#8221; width_phone=&#8221;90%&#8221; width_last_edited=&#8221;on|tablet&#8221; max_width=&#8221;80%&#8221; max_width_tablet=&#8221;80%&#8221; max_width_phone=&#8221;80%&#8221; max_width_last_edited=&#8221;on|desktop&#8221; module_alignment=&#8221;center&#8221; min_height=&#8221;100%&#8221; height=&#8221;100%&#8221; custom_margin=&#8221;0px|0px|0px|0px|true|false&#8221; custom_padding=&#8221;0px|0px|0px|0px|true|false&#8221; box_shadow_style=&#8221;preset2&#8243; global_colors_info=&#8221;{}&#8221;][et_pb_column type=&#8221;3_4&#8243; _builder_version=&#8221;4.16&#8243; custom_padding=&#8221;|||&#8221; global_colors_info=&#8221;{}&#8221; custom_padding__hover=&#8221;|||&#8221;][et_pb_text _builder_version=&#8221;4.20.2&#8243; _module_preset=&#8221;default&#8221; text_font=&#8221;Oswald||||||||&#8221; text_text_color=&#8221;#FFFFFF&#8221; text_font_size=&#8221;36px&#8221; header_font=&#8221;|||on|||||&#8221; header_text_color=&#8221;#FFBE31&#8243; header_font_size=&#8221;48px&#8221; header_2_font=&#8221;|||on|||||&#8221; header_2_font_size=&#8221;30px&#8221; header_3_font=&#8221;Oswald|300||on|||||&#8221; header_3_text_color=&#8221;#C400FF&#8221; header_3_font_size=&#8221;48px&#8221; header_4_font=&#8221;|||on|||||&#8221; header_4_text_color=&#8221;#088CFB&#8221; header_4_font_size=&#8221;40px&#8221; header_4_line_height=&#8221;1.2em&#8221; background_color=&#8221;#000000&#8243; width_tablet=&#8221;&#8221; width_phone=&#8221;&#8221; width_last_edited=&#8221;on|phone&#8221; custom_margin=&#8221;|0px||0px|false|true&#8221; custom_padding=&#8221;20px|0px|20px|20px|true|false&#8221; custom_padding_tablet=&#8221;20px|20px|0px|20px|false|false&#8221; custom_padding_phone=&#8221;20px|20px|0px|20px|false|false&#8221; custom_padding_last_edited=&#8221;on|phone&#8221; text_font_size_tablet=&#8221;36px&#8221; text_font_size_phone=&#8221;30px&#8221; text_font_size_last_edited=&#8221;on|phone&#8221; header_font_size_tablet=&#8221;48px&#8221; header_font_size_phone=&#8221;26px&#8221; header_font_size_last_edited=&#8221;on|phone&#8221; header_2_font_tablet=&#8221;|||on|||||&#8221; header_2_font_phone=&#8221;|||on|||||&#8221; header_2_font_last_edited=&#8221;on|desktop&#8221; header_2_font_size_tablet=&#8221;30px&#8221; header_2_font_size_phone=&#8221;24px&#8221; header_2_font_size_last_edited=&#8221;on|phone&#8221; header_3_font_size_tablet=&#8221;48px&#8221; header_3_font_size_phone=&#8221;30px&#8221; header_3_font_size_last_edited=&#8221;on|phone&#8221; header_4_font_size_tablet=&#8221;28px&#8221; header_4_font_size_phone=&#8221;24px&#8221; header_4_font_size_last_edited=&#8221;on|phone&#8221; global_colors_info=&#8221;{}&#8221;]<\/p>\n<h1>Contes de f\u00e9es<\/h1>\n<h3 style=\"font-weight: 400;\">Family Concert<\/h3>\n<h4>A family concert featuring everyone&#8217;s favourite works: Carnival of the Animals and Peter and the Wolf.<\/h4>\n<p>[\/et_pb_text][\/et_pb_column][et_pb_column type=&#8221;1_4&#8243; _builder_version=&#8221;4.16&#8243; custom_padding=&#8221;|||&#8221; global_colors_info=&#8221;{}&#8221; custom_padding__hover=&#8221;|||&#8221;][et_pb_button button_url=&#8221;https:\/\/am.ticketmaster.com\/pda\/en\/ism\/P3H0611&#8243; button_text=&#8221;Tickets&#8221; button_alignment=&#8221;right&#8221; _builder_version=&#8221;4.20.2&#8243; _module_preset=&#8221;default&#8221; custom_button=&#8221;on&#8221; button_text_size=&#8221;24px&#8221; button_text_color=&#8221;#000000&#8243; button_bg_color=&#8221;#D5B240&#8243; button_border_color=&#8221;RGBA(255,255,255,0)&#8221; button_letter_spacing=&#8221;1px&#8221; button_font=&#8221;Oswald|||on|||||&#8221; button_use_icon=&#8221;off&#8221; custom_margin=&#8221;20px|20px|10px||false|false&#8221; custom_margin_tablet=&#8221;0px|20px|10px||false|false&#8221; custom_margin_phone=&#8221;0px||||false|false&#8221; custom_margin_last_edited=&#8221;on|phone&#8221; custom_padding=&#8221;||||false|false&#8221; button_text_size_tablet=&#8221;22px&#8221; button_text_size_phone=&#8221;16px&#8221; button_text_size_last_edited=&#8221;on|desktop&#8221; global_colors_info=&#8221;{}&#8221;][\/et_pb_button][et_pb_text _builder_version=&#8221;4.20.0&#8243; _module_preset=&#8221;default&#8221; text_font_size=&#8221;16px&#8221; text_line_height=&#8221;0.3em&#8221; custom_margin=&#8221;0px||0px||true|false&#8221; custom_padding=&#8221;20px|20px|20px||false|false&#8221; custom_padding_tablet=&#8221;14px|20px|20px||false|false&#8221; custom_padding_phone=&#8221;10px||||false|false&#8221; custom_padding_last_edited=&#8221;on|desktop&#8221; text_font_size_tablet=&#8221;16px&#8221; text_font_size_phone=&#8221;14px&#8221; text_font_size_last_edited=&#8221;on|phone&#8221; text_line_height_tablet=&#8221;0.3em&#8221; text_line_height_phone=&#8221;0.3em&#8221; text_line_height_last_edited=&#8221;on|desktop&#8221; global_colors_info=&#8221;{}&#8221; custom_padding__hover_enabled=&#8221;off|desktop&#8221;]<\/p>\n<p style=\"text-align: right;\"><span>Tickets: <\/span>$50<\/p>\n<p style=\"text-align: right;\">Students $20<\/p>\n<p style=\"text-align: right;\"><span style=\"color: #ffff00;\">FREE for children under 16<\/span><\/p>\n<p>[\/et_pb_text][\/et_pb_column][\/et_pb_row][et_pb_row custom_padding_last_edited=&#8221;off|desktop&#8221; _builder_version=&#8221;4.20.2&#8243; background_color=&#8221;#D5B240&#8243; width_tablet=&#8221;90%&#8221; width_phone=&#8221;90%&#8221; width_last_edited=&#8221;on|tablet&#8221; max_width=&#8221;80%&#8221; max_width_tablet=&#8221;80%&#8221; max_width_phone=&#8221;80%&#8221; max_width_last_edited=&#8221;on|desktop&#8221; module_alignment=&#8221;center&#8221; min_height=&#8221;100%&#8221; height=&#8221;100%&#8221; custom_margin=&#8221;0px|0px|0px|0px|false|false&#8221; custom_margin_tablet=&#8221;||0px||false|false&#8221; custom_margin_phone=&#8221;|10%|0px|10%|false|true&#8221; custom_margin_last_edited=&#8221;on|desktop&#8221; custom_padding=&#8221;0px|0px|0px|0px|false|false&#8221; box_shadow_style=&#8221;preset2&#8243; global_colors_info=&#8221;{}&#8221;][et_pb_column type=&#8221;4_4&#8243; _builder_version=&#8221;4.16&#8243; custom_padding=&#8221;|||&#8221; global_colors_info=&#8221;{}&#8221; custom_padding__hover=&#8221;|||&#8221;][et_pb_text _builder_version=&#8221;4.21.0&#8243; _module_preset=&#8221;default&#8221; text_text_color=&#8221;#FFFFFF&#8221; text_font_size=&#8221;24px&#8221; text_line_height=&#8221;1.3em&#8221; header_3_font=&#8221;||||||||&#8221; header_3_text_color=&#8221;#000000&#8243; header_4_font=&#8221;|||on|||||&#8221; header_4_text_color=&#8221;#000000&#8243; header_4_font_size=&#8221;30px&#8221; header_4_line_height=&#8221;1.2em&#8221; header_5_font=&#8221;Oswald|300|||||||&#8221; header_5_text_color=&#8221;#000000&#8243; header_5_font_size=&#8221;28px&#8221; header_5_line_height=&#8221;1.3em&#8221; header_6_font=&#8221;|||on|||||&#8221; header_6_text_color=&#8221;#FFFFFF&#8221; header_6_font_size=&#8221;36px&#8221; header_6_line_height=&#8221;1.2em&#8221; background_layout=&#8221;dark&#8221; custom_margin=&#8221;0px|0px|0px|0px|false|false&#8221; custom_padding=&#8221;40px|20px|40px|20px|false|false&#8221; custom_padding_tablet=&#8221;&#8221; custom_padding_phone=&#8221;20px||20px||false|false&#8221; custom_padding_last_edited=&#8221;on|desktop&#8221; text_font_size_tablet=&#8221;20px&#8221; text_font_size_phone=&#8221;16px&#8221; text_font_size_last_edited=&#8221;on|desktop&#8221; header_font_size_tablet=&#8221;&#8221; header_font_size_phone=&#8221;30px&#8221; header_font_size_last_edited=&#8221;on|phone&#8221; header_3_font_size_tablet=&#8221;&#8221; header_3_font_size_phone=&#8221;22px&#8221; header_3_font_size_last_edited=&#8221;on|phone&#8221; header_4_font_size_tablet=&#8221;30px&#8221; header_4_font_size_phone=&#8221;29px&#8221; header_4_font_size_last_edited=&#8221;on|desktop&#8221; header_5_font_size_tablet=&#8221;24px&#8221; header_5_font_size_phone=&#8221;21px&#8221; header_5_font_size_last_edited=&#8221;on|phone&#8221; header_6_font_size_tablet=&#8221;24px&#8221; header_6_font_size_phone=&#8221;21px&#8221; header_6_font_size_last_edited=&#8221;on|phone&#8221; global_colors_info=&#8221;{}&#8221;]<\/p>\n<h5>Artists: Alexander Read, Bora Kim, violins, Lambert Chen, viola, No\u00e9mie Raymond-Friset, cello,Eric Chappell, double bass, Ariane Brisson, flute, Theodore Baskin, oboe, Antonin Cuerrier, clarinet, <span>Mary Chalk<\/span>, bassoon, Catherine Turner, Nadia C\u00f4t\u00e9, Sarah Amahrit, horns, St\u00e9phane Beaulac, trumpet, Renaud Gratton, trombone, Kevin Ahfat, Chlo\u00e9 Dumoulin, pianos, Jean Marchand, narration.\u00a0<\/h5>\n<p><span><\/span><\/p>\n<p><span>If ever there was a good reason for a Sunday afternoon family outing, it is this concert!\u00a0 Everyone, or almost everyone, knows the melodies and descriptive stories of the <i>Carnival of the Animals<\/i> (narrated in French) and the tale <i>Peter and the Wolf<\/i> (narrated in English).\u00a0 <o:p><\/o:p><\/span><\/p>\n<p class=\"04xlpa\"><span>Be entranced by this magical blend of words and music as narrated by actor Jean Marchand.\u00a0 On-stage will be 19 outstanding performers including many members of the Montreal Symphony Orchestra.<o:p><\/o:p><\/span><\/p>\n<p>&nbsp;<\/p>\n<h6>Let the child in you come to life!<\/h6>\n<p>[\/et_pb_text][et_pb_text _builder_version=&#8221;4.21.0&#8243; _module_preset=&#8221;default&#8221; text_text_color=&#8221;#C400FF&#8221; text_font_size=&#8221;24px&#8221; text_line_height=&#8221;1.3em&#8221; header_font=&#8221;|||on|||||&#8221; header_text_color=&#8221;#862996&#8243; header_2_font=&#8221;|||on|||||&#8221; header_2_text_color=&#8221;#FFBE31&#8243; header_2_letter_spacing=&#8221;3px&#8221; header_3_font=&#8221;||||||||&#8221; header_4_font=&#8221;|||on|||||&#8221; header_4_text_color=&#8221;#000000&#8243; header_4_font_size=&#8221;30px&#8221; header_4_line_height=&#8221;1.2em&#8221; header_5_font=&#8221;Oswald|300|||||||&#8221; header_5_text_color=&#8221;#000000&#8243; header_5_font_size=&#8221;28px&#8221; header_5_line_height=&#8221;1.3em&#8221; background_color=&#8221;#000000&#8243; background_layout=&#8221;dark&#8221; custom_padding=&#8221;20px|20px|20px|20px|true|true&#8221; custom_padding_tablet=&#8221;&#8221; custom_padding_phone=&#8221;&#8221; custom_padding_last_edited=&#8221;on|desktop&#8221; text_font_size_tablet=&#8221;16px&#8221; text_font_size_phone=&#8221;14px&#8221; text_font_size_last_edited=&#8221;on|desktop&#8221; header_2_font_size_tablet=&#8221;&#8221; header_2_font_size_phone=&#8221;24px&#8221; header_2_font_size_last_edited=&#8221;on|phone&#8221; global_colors_info=&#8221;{}&#8221;]<\/p>\n<h2>Program:<\/h2>\n<p><span style=\"color: #ffffff;\">Camille Saint-Sa\u00ebns (1835-1921)<\/span><br \/>Carnival of the Animals<br \/><em>\u00a0 \u00a0 Introduction and Royal March of the Lion<\/em><br \/><em>\u00a0 \u00a0 Hens and Roosters<\/em><br \/><em>\u00a0 \u00a0 Wild Asses (Swift Animals)<\/em><br \/><em>\u00a0 \u00a0 Tortoises<\/em><br \/><em>\u00a0 \u00a0 The Elephant<\/em><br \/><em>\u00a0 \u00a0 Kangaroos<\/em><br \/><em>\u00a0 \u00a0 Aquarium<\/em><br \/><em>\u00a0 \u00a0 Characters with Long Ears<\/em><br \/><em>\u00a0 \u00a0 The Cuckoo in the Depths of the Woods<\/em><br \/><em>\u00a0 \u00a0 Aviary<\/em><br \/><em>\u00a0 \u00a0 Pianists<\/em><br \/><em>\u00a0 \u00a0 Fossils<\/em><br \/><em>\u00a0 \u00a0 The Swan<\/em><br \/><em>\u00a0 \u00a0 Finale<\/em><\/p>\n<p><span style=\"color: #ffffff;\">Sergei Prokofiev (1891-1953)<\/span><br \/>Peter and the Wolf, Op. 67<\/p>\n<p>[\/et_pb_text][\/et_pb_column][\/et_pb_row][et_pb_row column_structure=&#8221;2_5,3_5&#8243; _builder_version=&#8221;4.20.2&#8243; _module_preset=&#8221;default&#8221; background_color=&#8221;#862996&#8243; max_width=&#8221;80%&#8221; module_alignment=&#8221;center&#8221; custom_margin=&#8221;0px|0px|0px|0px|true|true&#8221; custom_padding=&#8221;0px|0px|0px|0px|false|true&#8221; box_shadow_style=&#8221;preset2&#8243; global_colors_info=&#8221;{}&#8221;][et_pb_column type=&#8221;2_5&#8243; _builder_version=&#8221;4.20.2&#8243; _module_preset=&#8221;default&#8221; custom_padding=&#8221;0px|0px|0px|0px|false|false&#8221; global_colors_info=&#8221;{}&#8221;][et_pb_image src=&#8221;https:\/\/festivalmontreal.org\/wp-content\/uploads\/2023\/03\/salle-bourgie-par-bernard-fougue-re_ret_bac-2012_rgb-fr-1581970154.webp&#8221; title_text=&#8221;salle-bourgie-par-bernard-fougue-re_ret_bac-2012_rgb-fr-1581970154&#8243; force_fullwidth=&#8221;on&#8221; _builder_version=&#8221;4.20.2&#8243; _module_preset=&#8221;default&#8221; custom_margin=&#8221;0px|0px|0px|0px|true|true&#8221; custom_padding=&#8221;0px|0px|0px|0px|true|true&#8221; global_colors_info=&#8221;{}&#8221;][\/et_pb_image][\/et_pb_column][et_pb_column type=&#8221;3_5&#8243; _builder_version=&#8221;4.20.2&#8243; _module_preset=&#8221;default&#8221; custom_padding=&#8221;20px|20px|20px|20px|false|false&#8221; custom_padding_tablet=&#8221;20px|20px|20px|20px|false|false&#8221; custom_padding_last_edited=&#8221;off|desktop&#8221; global_colors_info=&#8221;{}&#8221;][et_pb_text _builder_version=&#8221;4.20.2&#8243; _module_preset=&#8221;default&#8221; text_font_size=&#8221;20px&#8221; text_line_height=&#8221;1.2em&#8221; header_font=&#8221;|||on|||||&#8221; header_font_size=&#8221;33px&#8221; width=&#8221;100%&#8221; max_width=&#8221;100%&#8221; module_alignment=&#8221;center&#8221; custom_margin=&#8221;0px|0px|0px|0px|false|false&#8221; custom_padding=&#8221;0px|20px|20px|0px|false|false&#8221; text_font_size_tablet=&#8221;20px&#8221; text_font_size_phone=&#8221;16px&#8221; text_font_size_last_edited=&#8221;on|tablet&#8221; header_font_size_tablet=&#8221;33px&#8221; header_font_size_phone=&#8221;20px&#8221; header_font_size_last_edited=&#8221;on|phone&#8221; global_colors_info=&#8221;{}&#8221;]<\/p>\n<h1>Salle Bourgie<\/h1>\n<p><span>Montreal Museum of Fine Arts<\/span><br \/><span>1339 Sherbrooke Street West<\/span><br \/><span>Montreal, Quebec H3G 1G2<\/span><\/p>\n<p>[\/et_pb_text][et_pb_button button_url=&#8221;https:\/\/www.google.ca\/maps\/place\/Salle+Bourgie\/@45.4991142,-73.5795999,17z\/data=!3m1!4b1!4m6!3m5!1s0x4cc91a404198dc7d:0xf3049abd85d405c4!8m2!3d45.4991142!4d-73.5795999!16s%2Fg%2F11b620z9xw&#8221; button_text=&#8221;Google Map&#8221; _builder_version=&#8221;4.20.2&#8243; _module_preset=&#8221;default&#8221; custom_button=&#8221;on&#8221; button_text_color=&#8221;#FFFFFF&#8221; button_icon=&#8221;&#x35;||divi||400&#8243; button_on_hover=&#8221;off&#8221; button_text_size_tablet=&#8221;&#8221; button_text_size_phone=&#8221;16px&#8221; button_text_size_last_edited=&#8221;on|phone&#8221; global_colors_info=&#8221;{}&#8221;][\/et_pb_button][\/et_pb_column][\/et_pb_row][et_pb_row column_structure=&#8221;1_4,3_4&#8243; _builder_version=&#8221;4.20.0&#8243; _module_preset=&#8221;default&#8221; max_width=&#8221;80%&#8221; module_alignment=&#8221;center&#8221; custom_margin=&#8221;30px|0px|0px|0px|false|false&#8221; custom_padding=&#8221;0px|0px|0px|0px|false|false&#8221; global_colors_info=&#8221;{}&#8221;][et_pb_column type=&#8221;1_4&#8243; _builder_version=&#8221;4.20.0&#8243; _module_preset=&#8221;default&#8221; global_colors_info=&#8221;{}&#8221;][et_pb_text _builder_version=&#8221;4.21.0&#8243; _module_preset=&#8221;default&#8221; text_font=&#8221;|700|||||||&#8221; text_text_color=&#8221;#000000&#8243; text_font_size=&#8221;22px&#8221; custom_margin=&#8221;0px|0px|0px|0px|true|false&#8221; custom_padding=&#8221;0px|0px|0px|0px|false|false&#8221; text_font_size_tablet=&#8221;16px&#8221; text_font_size_phone=&#8221;14px&#8221; text_font_size_last_edited=&#8221;on|phone&#8221; global_colors_info=&#8221;{}&#8221;]<\/p>\n<p style=\"font-weight: 400;\"><strong><\/strong><\/p>\n<p style=\"font-weight: 400;\"><strong><\/strong><\/p>\n<p style=\"font-weight: 400;\"><strong>Sponsored by<\/strong><\/p>\n<p>[\/et_pb_text][\/et_pb_column][et_pb_column type=&#8221;3_4&#8243; _builder_version=&#8221;4.20.0&#8243; _module_preset=&#8221;default&#8221; global_colors_info=&#8221;{}&#8221;][et_pb_image src=&#8221;https:\/\/festivalmontreal.org\/wp-content\/uploads\/2023\/04\/logos16@2x.png&#8221; title_text=&#8221;logos16@2x&#8221; url=&#8221;https:\/\/motetarts.com&#8221; _builder_version=&#8221;4.21.0&#8243; _module_preset=&#8221;default&#8221; width=&#8221;23%&#8221; width_tablet=&#8221;23%&#8221; width_phone=&#8221;37%&#8221; width_last_edited=&#8221;on|desktop&#8221; global_colors_info=&#8221;{}&#8221;][\/et_pb_image][\/et_pb_column][\/et_pb_row][et_pb_row column_structure=&#8221;1_2,1_2&#8243; _builder_version=&#8221;4.20.0&#8243; _module_preset=&#8221;default&#8221; max_width=&#8221;80%&#8221; custom_margin=&#8221;30px||||false|false&#8221; custom_css_main_element=&#8221;display: flex;&#8221; global_colors_info=&#8221;{}&#8221; custom_css_main_element_last_edited=&#8221;off|desktop&#8221; custom_css_main_element_phone=&#8221;display: flex;&#8221;][et_pb_column type=&#8221;1_2&#8243; _builder_version=&#8221;4.20.0&#8243; _module_preset=&#8221;default&#8221; global_colors_info=&#8221;{}&#8221;][et_pb_button button_url=&#8221;@ET-DC@eyJkeW5hbWljIjp0cnVlLCJjb250ZW50IjoicG9zdF9saW5rX3VybF9wYWdlIiwic2V0dGluZ3MiOnsicG9zdF9pZCI6IjIzNjQ4NyJ9fQ==@&#8221; button_text=&#8221;Previous concert&#8221; button_text_tablet=&#8221;Previous concert&#8221; button_text_phone=&#8221; &#8221; button_text_last_edited=&#8221;on|tablet&#8221; _builder_version=&#8221;4.20.2&#8243; _dynamic_attributes=&#8221;button_url&#8221; _module_preset=&#8221;default&#8221; custom_button=&#8221;on&#8221; button_text_color=&#8221;#FFFFFF&#8221; button_bg_color=&#8221;RGBA(255,255,255,0)&#8221; button_border_width=&#8221;0px&#8221; button_icon=&#8221;&#x44;||divi||400&#8243; button_icon_placement=&#8221;left&#8221; button_on_hover=&#8221;off&#8221; global_colors_info=&#8221;{}&#8221;][\/et_pb_button][\/et_pb_column][et_pb_column type=&#8221;1_2&#8243; _builder_version=&#8221;4.20.0&#8243; _module_preset=&#8221;default&#8221; global_colors_info=&#8221;{}&#8221;][et_pb_button button_url=&#8221;@ET-DC@eyJkeW5hbWljIjp0cnVlLCJjb250ZW50IjoicG9zdF9saW5rX3VybF9wYWdlIiwic2V0dGluZ3MiOnsicG9zdF9pZCI6IjIzNjQ5OCJ9fQ==@&#8221; button_text=&#8221;Next concert&#8221; button_alignment=&#8221;right&#8221; button_text_tablet=&#8221;Next concert&#8221; button_text_phone=&#8221; &#8221; button_text_last_edited=&#8221;on|tablet&#8221; _builder_version=&#8221;4.20.2&#8243; _dynamic_attributes=&#8221;button_url&#8221; _module_preset=&#8221;default&#8221; custom_button=&#8221;on&#8221; button_text_color=&#8221;#FFFFFF&#8221; button_bg_color=&#8221;RGBA(255,255,255,0)&#8221; button_border_width=&#8221;0px&#8221; button_icon=&#8221;&#x45;||divi||400&#8243; button_on_hover=&#8221;off&#8221; global_colors_info=&#8221;{}&#8221;][\/et_pb_button][\/et_pb_column][\/et_pb_row][\/et_pb_section]<\/p>\n","protected":false},"excerpt":{"rendered":"<p>Sunday, June 11th, 3:30 pm Salle Bourgie, MBAMContes de f\u00e9es Family Concert A family concert featuring everyone&#8217;s favourite works: Carnival of the Animals and Peter and the Wolf.Tickets: $50 Students $20 FREE for children under 16Artists: Alexander Read, Bora Kim, violins, Lambert Chen, viola, No\u00e9mie Raymond-Friset, cello,Eric Chappell, double bass, Ariane Brisson, flute, Theodore Baskin, [&hellip;]<\/p>\n","protected":false},"author":11,"featured_media":0,"parent":0,"menu_order":0,"comment_status":"closed","ping_status":"closed","template":"","meta":{"_acf_changed":false,"_et_pb_use_builder":"on","_et_pb_old_content":"","_et_gb_content_width":"","footnotes":""},"class_list":["post-236493","page","type-page","status-publish","hentry"],"acf":[],"_links":{"self":[{"href":"https:\/\/festivalmontreal.org\/en\/wp-json\/wp\/v2\/pages\/236493","targetHints":{"allow":["GET"]}}],"collection":[{"href":"https:\/\/festivalmontreal.org\/en\/wp-json\/wp\/v2\/pages"}],"about":[{"href":"https:\/\/festivalmontreal.org\/en\/wp-json\/wp\/v2\/types\/page"}],"author":[{"embeddable":true,"href":"https:\/\/festivalmontreal.org\/en\/wp-json\/wp\/v2\/users\/11"}],"replies":[{"embeddable":true,"href":"https:\/\/festivalmontreal.org\/en\/wp-json\/wp\/v2\/comments?post=236493"}],"version-history":[{"count":24,"href":"https:\/\/festivalmontreal.org\/en\/wp-json\/wp\/v2\/pages\/236493\/revisions"}],"predecessor-version":[{"id":238271,"href":"https:\/\/festivalmontreal.org\/en\/wp-json\/wp\/v2\/pages\/236493\/revisions\/238271"}],"wp:attachment":[{"href":"https:\/\/festivalmontreal.org\/en\/wp-json\/wp\/v2\/media?parent=236493"}],"curies":[{"name":"wp","href":"https:\/\/api.w.org\/{rel}","templated":true}]}}